{"id":302,"date":"2022-04-08T13:02:23","date_gmt":"2022-04-08T11:02:23","guid":{"rendered":"https:\/\/www.candide-juanlespins.com\/?page_id=302"},"modified":"2022-04-08T13:02:23","modified_gmt":"2022-04-08T11:02:23","slug":"remboursements_retours","status":"publish","type":"page","link":"https:\/\/www.candide-juanlespins.com\/index.php\/remboursements_retours\/","title":{"rendered":"Politique en mati\u00e8re de remboursements et de retours"},"content":{"rendered":"\n<p><\/p>\n\n\n\n<p>Politique de remboursement de https:\/\/www.candide-juanlespins.com\/<br>Les retours accept\u00e9s par le marchand visent uniquement les articles d\u00e9fectueux<br>Nous n\u2019acceptons pas les retours ou les \u00e9changes \u00e0 moins que l\u2019article que vous avez achet\u00e9<br>soit d\u00e9fectueux. Si vous recevez un article d\u00e9fectueux, veuillez communiquer avec nous au<br>num\u00e9ro de t\u00e9l\u00e9phone ou \u00e0 l\u2019adresse courriel ci-apr\u00e8s et fournir les d\u00e9tails du produit et du d\u00e9faut.<br>Nous vous indiquerons alors comment retourner le produit.<br>Vous devrez assumer les frais d\u2019exp\u00e9dition li\u00e9s au retour de votre article. Nous ne sommes pas<br>responsables des pertes ou des dommages survenus pendant le transport. Vous devez<br>\u00e9galement, pour tous les retours, pr\u00e9payer les frais d\u2019exp\u00e9dition et d\u2019assurance (le cas \u00e9ch\u00e9ant).<br>Si votre retour est admissible \u00e0 un remboursement, ce dernier ne comprendra pas les frais<br>d\u2019exp\u00e9dition et de manutention pouvant figurer sur le bordereau d\u2019emballage ou la facture.<br>Lorsque nous recevrons le produit retourn\u00e9, nous l\u2019examinerons et nous vous aviserons par<br>courriel, dans un d\u00e9lai raisonnable, si vous avez droit \u00e0 un remboursement ou \u00e0 un \u00e9change en<br>raison du d\u00e9faut. Si vous avez droit \u00e0 un \u00e9change ou \u00e0 un remboursement, nous remplacerons le<br>produit ou nous vous rembourserons le prix d\u2019achat (selon le mode de paiement initial). Les frais<br>d\u2019exp\u00e9dition et de manutention que vous avez d\u00e9j\u00e0 pay\u00e9s ne sont pas remboursables et les<br>montants rembours\u00e9s n\u2019incluront pas le co\u00fbt de l\u2019exp\u00e9dition. Une p\u00e9riode maximale de 15 jours<br>ouvrables apr\u00e8s la r\u00e9ception de notre courriel peut s\u2019\u00e9couler avant que vous ne voyiez le<br>remboursement sur votre relev\u00e9.<br>Coordonn\u00e9es :<br>CANDIDE<br>04 93 61 67 40<br>candide.juan@cegetel.net<br>12 avenue Guy de Maupassant 06160 Juan les pins<\/p>\n\n\n\n<p><br>Les clients peuvent retourner des articles non ouverts<\/p>\n\n\n\n<ol><li>\u00c9changes<br>Nous \u00e9changeons uniquement les marchandises qui sont d\u00e9fectueuses ou endommag\u00e9es.<br>Lorsque vous consid\u00e9rez qu\u2019un produit est d\u00e9fectueux, veuillez communiquer avec nous, dans<br>les 30 jours suivant votre achat, au num\u00e9ro de t\u00e9l\u00e9phone ou \u00e0 l\u2019adresse courriel ci-apr\u00e8s et<br>fournir les d\u00e9tails du produit et du d\u00e9faut. Nous vous indiquerons alors comment retourner le<br>produit.<\/li><li>Exp\u00e9dition<br>Vous devrez assumer les frais d\u2019exp\u00e9dition li\u00e9s au retour de votre article. Nous ne sommes pas<br>responsables des pertes ou des dommages survenus pendant le transport. Vous devez<br>\u00e9galement, pour tous les retours, pr\u00e9payer les frais d\u2019exp\u00e9dition et d\u2019assurance (le cas \u00e9ch\u00e9ant).<br>Si votre retour est admissible \u00e0 un remboursement, ce dernier ne comprendra pas les frais<br>d\u2019exp\u00e9dition et de manutention pouvant figurer sur le bordereau d\u2019emballage ou la facture.<br>Pour retourner ou \u00e9changer l\u2019article que vous avez achet\u00e9, veuillez l\u2019envoyer par la poste, avec<br>une copie de votre re\u00e7u et tout autre renseignement concernant votre achat, \u00e0 l\u2019adresse figurant<br>aux coordonn\u00e9es ci-apr\u00e8s :<br>ETS CANDIDE<br>12 avenue Guy de Maupassant 06160 Juan les pins<\/li><li>Processus<br>Lorsque nous recevrons votre article, nous l\u2019examinerons et nous vous aviserons par courriel,<br>dans un d\u00e9lai raisonnable, si vous avez droit \u00e0 un remboursement ou \u00e0 un \u00e9change.<br>Si vous avez droit \u00e0 un remboursement, nous vous rembourserons le prix d\u2019achat et un cr\u00e9dit<br>sera appliqu\u00e9 au mode de paiement initial. Les frais d\u2019exp\u00e9dition et de manutention que vous<br>avez d\u00e9j\u00e0 pay\u00e9s ne sont pas remboursables et les montants rembours\u00e9s n\u2019incluront pas le co\u00fbt<br>de l\u2019exp\u00e9dition. Une p\u00e9riode maximale de 15 jours ouvrables apr\u00e8s la r\u00e9ception de notre courriel<br>peut s\u2019\u00e9couler avant que vous ne voyiez le remboursement sur votre relev\u00e9.<br>Si vous avez droit \u00e0 un \u00e9change, nous vous enverrons un nouvel article \u00e0 l\u2019adresse d\u2019exp\u00e9dition<br>initiale.<\/li><li>Coordonn\u00e9es : ETS CANDIDE 12 avenue Guy de Maupassant 06160 Juan les pins<\/li><\/ol>\n","protected":false},"excerpt":{"rendered":"<p>Politique de remboursement de https:\/\/www.candide-juanlespins.com\/Les retours accept\u00e9s par le marchand visent uniquement les articles d\u00e9fectueuxNous n\u2019acceptons pas les retours ou les \u00e9changes \u00e0 moins que l\u2019article que vous avez achet\u00e9soit d\u00e9fectueux. Si vous recevez un article d\u00e9fectueux, veuillez communiquer avec nous aunum\u00e9ro de t\u00e9l\u00e9phone ou \u00e0 l\u2019adresse courriel ci-apr\u00e8s et fournir les d\u00e9tails du produit [&hellip;]<\/p>\n","protected":false},"author":1,"featured_media":0,"parent":0,"menu_order":0,"comment_status":"closed","ping_status":"closed","template":"","meta":[],"yoast_head":"<!-- This site is optimized with the Yoast SEO plugin v18.8 - https:\/\/yoast.com\/wordpress\/plugins\/seo\/ -->\n<title>Politique en mati\u00e8re de remboursements et de retours - Candide Juan les pins<\/title>\n<meta name=\"robots\" content=\"index, follow, max-snippet:-1, max-image-preview:large, max-video-preview:-1\" \/>\n<link rel=\"canonical\" href=\"https:\/\/www.candide-juanlespins.com\/index.php\/remboursements_retours\/\" \/>\n<meta property=\"og:locale\" content=\"fr_FR\" \/>\n<meta property=\"og:type\" content=\"article\" \/>\n<meta property=\"og:title\" content=\"Politique en mati\u00e8re de remboursements et de retours - Candide Juan les pins\" \/>\n<meta property=\"og:description\" content=\"Politique de remboursement de https:\/\/www.candide-juanlespins.com\/Les retours accept\u00e9s par le marchand visent uniquement les articles d\u00e9fectueuxNous n\u2019acceptons pas les retours ou les \u00e9changes \u00e0 moins que l\u2019article que vous avez achet\u00e9soit d\u00e9fectueux. Si vous recevez un article d\u00e9fectueux, veuillez communiquer avec nous aunum\u00e9ro de t\u00e9l\u00e9phone ou \u00e0 l\u2019adresse courriel ci-apr\u00e8s et fournir les d\u00e9tails du produit [&hellip;]\" \/>\n<meta property=\"og:url\" content=\"https:\/\/www.candide-juanlespins.com\/index.php\/remboursements_retours\/\" \/>\n<meta property=\"og:site_name\" content=\"Candide Juan les pins\" \/>\n<meta name=\"twitter:card\" content=\"summary_large_image\" \/>\n<meta name=\"twitter:label1\" content=\"Dur\u00e9e de lecture estim\u00e9e\" \/>\n\t<meta name=\"twitter:data1\" content=\"3 minutes\" \/>\n<script type=\"application\/ld+json\" class=\"yoast-schema-graph\">{\"@context\":\"https:\/\/schema.org\",\"@graph\":[{\"@type\":\"WebSite\",\"@id\":\"https:\/\/www.candide-juanlespins.com\/#website\",\"url\":\"https:\/\/www.candide-juanlespins.com\/\",\"name\":\"Candide Juan les pins\",\"description\":\"PRET A PORTER ENFANTS JUNIORS ADULTES\",\"potentialAction\":[{\"@type\":\"SearchAction\",\"target\":{\"@type\":\"EntryPoint\",\"urlTemplate\":\"https:\/\/www.candide-juanlespins.com\/?s={search_term_string}\"},\"query-input\":\"required name=search_term_string\"}],\"inLanguage\":\"fr-FR\"},{\"@type\":\"WebPage\",\"@id\":\"https:\/\/www.candide-juanlespins.com\/index.php\/remboursements_retours\/#webpage\",\"url\":\"https:\/\/www.candide-juanlespins.com\/index.php\/remboursements_retours\/\",\"name\":\"Politique en mati\u00e8re de remboursements et de retours - Candide Juan les pins\",\"isPartOf\":{\"@id\":\"https:\/\/www.candide-juanlespins.com\/#website\"},\"datePublished\":\"2022-04-08T11:02:23+00:00\",\"dateModified\":\"2022-04-08T11:02:23+00:00\",\"breadcrumb\":{\"@id\":\"https:\/\/www.candide-juanlespins.com\/index.php\/remboursements_retours\/#breadcrumb\"},\"inLanguage\":\"fr-FR\",\"potentialAction\":[{\"@type\":\"ReadAction\",\"target\":[\"https:\/\/www.candide-juanlespins.com\/index.php\/remboursements_retours\/\"]}]},{\"@type\":\"BreadcrumbList\",\"@id\":\"https:\/\/www.candide-juanlespins.com\/index.php\/remboursements_retours\/#breadcrumb\",\"itemListElement\":[{\"@type\":\"ListItem\",\"position\":1,\"name\":\"Accueil\",\"item\":\"https:\/\/www.candide-juanlespins.com\/\"},{\"@type\":\"ListItem\",\"position\":2,\"name\":\"Politique en mati\u00e8re de remboursements et de retours\"}]}]}<\/script>\n<!-- \/ Yoast SEO plugin. -->","yoast_head_json":{"title":"Politique en mati\u00e8re de remboursements et de retours - Candide Juan les pins","robots":{"index":"index","follow":"follow","max-snippet":"max-snippet:-1","max-image-preview":"max-image-preview:large","max-video-preview":"max-video-preview:-1"},"canonical":"https:\/\/www.candide-juanlespins.com\/index.php\/remboursements_retours\/","og_locale":"fr_FR","og_type":"article","og_title":"Politique en mati\u00e8re de remboursements et de retours - Candide Juan les pins","og_description":"Politique de remboursement de https:\/\/www.candide-juanlespins.com\/Les retours accept\u00e9s par le marchand visent uniquement les articles d\u00e9fectueuxNous n\u2019acceptons pas les retours ou les \u00e9changes \u00e0 moins que l\u2019article que vous avez achet\u00e9soit d\u00e9fectueux. Si vous recevez un article d\u00e9fectueux, veuillez communiquer avec nous aunum\u00e9ro de t\u00e9l\u00e9phone ou \u00e0 l\u2019adresse courriel ci-apr\u00e8s et fournir les d\u00e9tails du produit [&hellip;]","og_url":"https:\/\/www.candide-juanlespins.com\/index.php\/remboursements_retours\/","og_site_name":"Candide Juan les pins","twitter_card":"summary_large_image","twitter_misc":{"Dur\u00e9e de lecture estim\u00e9e":"3 minutes"},"schema":{"@context":"https:\/\/schema.org","@graph":[{"@type":"WebSite","@id":"https:\/\/www.candide-juanlespins.com\/#website","url":"https:\/\/www.candide-juanlespins.com\/","name":"Candide Juan les pins","description":"PRET A PORTER ENFANTS JUNIORS ADULTES","potentialAction":[{"@type":"SearchAction","target":{"@type":"EntryPoint","urlTemplate":"https:\/\/www.candide-juanlespins.com\/?s={search_term_string}"},"query-input":"required name=search_term_string"}],"inLanguage":"fr-FR"},{"@type":"WebPage","@id":"https:\/\/www.candide-juanlespins.com\/index.php\/remboursements_retours\/#webpage","url":"https:\/\/www.candide-juanlespins.com\/index.php\/remboursements_retours\/","name":"Politique en mati\u00e8re de remboursements et de retours - Candide Juan les pins","isPartOf":{"@id":"https:\/\/www.candide-juanlespins.com\/#website"},"datePublished":"2022-04-08T11:02:23+00:00","dateModified":"2022-04-08T11:02:23+00:00","breadcrumb":{"@id":"https:\/\/www.candide-juanlespins.com\/index.php\/remboursements_retours\/#breadcrumb"},"inLanguage":"fr-FR","potentialAction":[{"@type":"ReadAction","target":["https:\/\/www.candide-juanlespins.com\/index.php\/remboursements_retours\/"]}]},{"@type":"BreadcrumbList","@id":"https:\/\/www.candide-juanlespins.com\/index.php\/remboursements_retours\/#breadcrumb","itemListElement":[{"@type":"ListItem","position":1,"name":"Accueil","item":"https:\/\/www.candide-juanlespins.com\/"},{"@type":"ListItem","position":2,"name":"Politique en mati\u00e8re de remboursements et de retours"}]}]}},"_links":{"self":[{"href":"https:\/\/www.candide-juanlespins.com\/index.php\/wp-json\/wp\/v2\/pages\/302"}],"collection":[{"href":"https:\/\/www.candide-juanlespins.com\/index.php\/wp-json\/wp\/v2\/pages"}],"about":[{"href":"https:\/\/www.candide-juanlespins.com\/index.php\/wp-json\/wp\/v2\/types\/page"}],"author":[{"embeddable":true,"href":"https:\/\/www.candide-juanlespins.com\/index.php\/wp-json\/wp\/v2\/users\/1"}],"replies":[{"embeddable":true,"href":"https:\/\/www.candide-juanlespins.com\/index.php\/wp-json\/wp\/v2\/comments?post=302"}],"version-history":[{"count":1,"href":"https:\/\/www.candide-juanlespins.com\/index.php\/wp-json\/wp\/v2\/pages\/302\/revisions"}],"predecessor-version":[{"id":960,"href":"https:\/\/www.candide-juanlespins.com\/index.php\/wp-json\/wp\/v2\/pages\/302\/revisions\/960"}],"wp:attachment":[{"href":"https:\/\/www.candide-juanlespins.com\/index.php\/wp-json\/wp\/v2\/media?parent=302"}],"curies":[{"name":"wp","href":"https:\/\/api.w.org\/{rel}","templated":true}]}}